{"id":2149,"date":"2021-01-15T11:46:14","date_gmt":"2021-01-15T11:46:14","guid":{"rendered":"https:\/\/iyengaryoga.hr\/?page_id=2149"},"modified":"2022-08-20T13:51:27","modified_gmt":"2022-08-20T13:51:27","slug":"online-yoga","status":"publish","type":"page","link":"https:\/\/iyengaryoga.hr\/hr\/online-yoga\/","title":{"rendered":"ONLINE JOGA"},"content":{"rendered":"<p><span style=\"color: #993366;\"><strong>Trenutno nemamo u ponudi online satove.<\/strong><\/span><\/p>\n<p>\u201cAim of yoga is to calm the chaos of conflicting impulses.\u201d <i>BKS Iyengar<\/i><\/p>\n<p>&#8220;Cilj joge je smiriti kaos sukobljavaju\u0107ih impulsa.&#8221; BKS Iyengar<\/p>\n<p>U ovoj se pandemijskoj situaciji svi suo\u010davamo s opre\u010dnim rije\u010dima, djelima i situacijama. Redovito vje\u017ebanje joge donosi nam pravilnost u na\u0161im postupcima, stabilnost u mislima i snagu da sve to pro\u0111emo. I\u00a0ovdje ne govorim samo o tijelu ve\u0107 i o umu, inteligenciji i srcu.<\/p>\n<p>Tokom ovog vremena nudimo online satove joge. Koristimo platformu Zoom gdje me mo\u017eete vidjeti i ja vas vidim i na taj na\u010din, u udobnosti svog doma pod vodstvom u\u010ditelja, mo\u017eete imati odgovornu i sigurnu praksu.<\/p>\n<p><img loading=\"lazy\" decoding=\"async\" class=\"wp-image-2160 alignleft\" src=\"https:\/\/iyengaryoga.hr\/wp-content\/uploads\/2021\/01\/online1-742x1024.png\" alt=\"online iyengar yoga\" width=\"213\" height=\"294\" srcset=\"https:\/\/iyengaryoga.hr\/wp-content\/uploads\/2021\/01\/online1-742x1024.png 742w, https:\/\/iyengaryoga.hr\/wp-content\/uploads\/2021\/01\/online1-217x300.png 217w, https:\/\/iyengaryoga.hr\/wp-content\/uploads\/2021\/01\/online1.png 751w\" sizes=\"auto, (max-width: 213px) 100vw, 213px\" \/><\/p>\n<p>Ako ste zainteresirani za prakticiranje Iyengar joge s nama, molimo vas da nam pi\u0161ete u kontakt obrazac i mi \u0107emo vam poslati detalje o pla\u0107anju za va\u0161e satove, nakon \u010dega \u0107ete dobiti i poveznicu za satove.<\/p>\n<p>Ako imate pote\u0161ko\u0107a s kori\u0161tenjem Zooma, mo\u017eete nas kontaktirati ili provjeriti na zoom.us<\/p>\n<p>Tijekom joga sata pazite da je mikrofon isklju\u010den kako ne bi do\u0161lo do smetnji zbog zukova iz pozadine, a istovremeno da je video uklju\u010den. Obavezno postavite kameru na na\u010din da je vidljiv u\u010ditelju. Pripremite potrebne rekvizite da vam budu pri ruci.<\/p>\n<p>U slu\u010daju bilo kakvih prethodnih ozljeda ili terapije koju koristite, unaprijed obavijestite u\u010ditelja kao i sve nove probleme ili pote\u0161ko\u0107e prije nastave (uklju\u010duju\u0107i menstruaciju, trudno\u0107u ili bilo koje druge nove probleme).<\/p>\n<p>&nbsp;<\/p>\n<p>Na\u0161 raspored, po\u010dev\u0161i od sije\u010dnja, je:<img loading=\"lazy\" decoding=\"async\" class=\"wp-image-2159 alignright\" src=\"https:\/\/iyengaryoga.hr\/wp-content\/uploads\/2021\/01\/online.jpg\" alt=\"online iyengar yoga\" width=\"206\" height=\"197\" srcset=\"https:\/\/iyengaryoga.hr\/wp-content\/uploads\/2021\/01\/online.jpg 511w, https:\/\/iyengaryoga.hr\/wp-content\/uploads\/2021\/01\/online-300x286.jpg 300w\" sizes=\"auto, (max-width: 206px) 100vw, 206px\" \/><\/p>\n<p>Ponedjeljak i srijeda &#8211; Mije\u0161ana grupa u 19 sati<\/p>\n<p>Utorak i \u010detvrtak &#8211; Level I u 8:00<\/p>\n<p>Utorak i \u010detvrtak &#8211; Level I \/ II u 19 sati<\/p>\n<p>Trajanje svakog predavanja je 90 min.<\/p>\n","protected":false},"excerpt":{"rendered":"<p>Trenutno nemamo u ponudi online satove. \u201cAim of yoga is to calm the chaos of conflicting impulses.\u201d BKS Iyengar &#8220;Cilj joge je smiriti kaos sukobljavaju\u0107ih impulsa.&#8221; BKS Iyengar U ovoj se pandemijskoj situaciji svi suo\u010davamo s opre\u010dnim rije\u010dima, djelima i situacijama. Redovito vje\u017ebanje joge donosi&nbsp;<a class=\"read-more\" href=\"https:\/\/iyengaryoga.hr\/hr\/online-yoga\/\">&hellip;<\/a><\/p>\n","protected":false},"author":2,"featured_media":0,"parent":0,"menu_order":0,"comment_status":"closed","ping_status":"closed","template":"","meta":{"footnotes":""},"class_list":["post-2149","page","type-page","status-publish","hentry"],"translation":{"provider":"WPGlobus","version":"3.0.2","language":"hr","enabled_languages":["en","hr"],"languages":{"en":{"title":true,"content":true,"excerpt":false},"hr":{"title":true,"content":true,"excerpt":false}}},"jetpack_sharing_enabled":true,"_links":{"self":[{"href":"https:\/\/iyengaryoga.hr\/hr\/wp-json\/wp\/v2\/pages\/2149","targetHints":{"allow":["GET"]}}],"collection":[{"href":"https:\/\/iyengaryoga.hr\/hr\/wp-json\/wp\/v2\/pages"}],"about":[{"href":"https:\/\/iyengaryoga.hr\/hr\/wp-json\/wp\/v2\/types\/page"}],"author":[{"embeddable":true,"href":"https:\/\/iyengaryoga.hr\/hr\/wp-json\/wp\/v2\/users\/2"}],"replies":[{"embeddable":true,"href":"https:\/\/iyengaryoga.hr\/hr\/wp-json\/wp\/v2\/comments?post=2149"}],"version-history":[{"count":9,"href":"https:\/\/iyengaryoga.hr\/hr\/wp-json\/wp\/v2\/pages\/2149\/revisions"}],"predecessor-version":[{"id":2514,"href":"https:\/\/iyengaryoga.hr\/hr\/wp-json\/wp\/v2\/pages\/2149\/revisions\/2514"}],"wp:attachment":[{"href":"https:\/\/iyengaryoga.hr\/hr\/wp-json\/wp\/v2\/media?parent=2149"}],"curies":[{"name":"wp","href":"https:\/\/api.w.org\/{rel}","templated":true}]}}