{"id":421,"date":"2017-11-13T20:48:29","date_gmt":"2017-11-13T20:48:29","guid":{"rendered":"https:\/\/iyengaryoga.hr\/?page_id=421"},"modified":"2026-01-24T10:48:21","modified_gmt":"2026-01-24T10:48:21","slug":"schedule","status":"publish","type":"page","link":"https:\/\/iyengaryoga.hr\/hr\/schedule\/","title":{"rendered":"Raspored 2026"},"content":{"rendered":"<p><img loading=\"lazy\" decoding=\"async\" class=\"alignnone size-full wp-image-698 aligncenter\" src=\"https:\/\/iyengaryoga.hr\/wp-content\/uploads\/2017\/12\/1.png\" alt=\"\" width=\"1000\" height=\"667\" srcset=\"https:\/\/iyengaryoga.hr\/wp-content\/uploads\/2017\/12\/1.png 1000w, https:\/\/iyengaryoga.hr\/wp-content\/uploads\/2017\/12\/1-300x200.png 300w, https:\/\/iyengaryoga.hr\/wp-content\/uploads\/2017\/12\/1-768x512.png 768w\" sizes=\"auto, (max-width: 1000px) 100vw, 1000px\" \/><\/p>\n<p>&nbsp;<\/p>\n<hr \/>\n<h1 style=\"text-align: center;\"><strong>\u00a0\u00a0<\/strong><strong><span style=\"color: #ff00ff;\">RASPORED <br \/><\/span><\/strong><strong><span style=\"color: #ff00ff;\">Jesen 2025<\/span><\/strong><\/h1>\n<table style=\"border-collapse: collapse; width: 101.948052%; height: 314px;\">\n<tbody>\n<tr style=\"height: 24px;\">\n<td style=\"width: 12.708718%; text-align: center; height: 24px;\"><strong>PON<\/strong><\/td>\n<td style=\"width: 15.408044%; text-align: center; height: 24px;\"><strong>UTO<\/strong><\/td>\n<td style=\"width: 13.968778%; text-align: center; height: 24px;\"><strong>SRI<\/strong><\/td>\n<td style=\"width: 15.898219%; text-align: center; height: 24px;\"><strong>\u010cET<\/strong><\/td>\n<td style=\"width: 15.037168%; text-align: center; height: 24px;\"><strong>PET<\/strong><\/td>\n<td style=\"width: 16.680452%; text-align: center; height: 24px;\"><strong>SUB<\/strong><\/td>\n<td style=\"width: 11.432135%; text-align: center; height: 24px;\"><strong>NED<\/strong><\/td>\n<\/tr>\n<tr style=\"height: 48px;\">\n<td style=\"width: 12.708718%; height: 48px;\">\u00a0<\/td>\n<td style=\"width: 15.408044%; height: 48px; text-align: center;\">8 &#8211; 9:30 <br \/>Level 2\/3<\/td>\n<td style=\"width: 13.968778%; height: 48px;\">\u00a0<\/td>\n<td style=\"width: 15.898219%; height: 48px; text-align: center;\">8 &#8211; 9:30 <br \/>Level 2\/3<\/td>\n<td style=\"width: 15.037168%; height: 48px;\">\u00a0<\/td>\n<td style=\"width: 16.680452%; height: 48px;\">\u00a0<\/td>\n<td style=\"width: 11.432135%; height: 48px;\">\u00a0<\/td>\n<\/tr>\n<tr style=\"height: 72px;\">\n<td style=\"width: 12.708718%; height: 72px;\">\u00a0<\/td>\n<td style=\"width: 15.408044%; height: 72px;\">\u00a0<\/td>\n<td style=\"width: 13.968778%; height: 72px;\">\u00a0<\/td>\n<td style=\"width: 15.898219%; height: 72px;\">\u00a0<\/td>\n<td style=\"width: 15.037168%; height: 72px;\">\u00a0<\/td>\n<td style=\"width: 16.680452%; text-align: center; height: 72px;\">10:00 &#8211; 13:00<br \/>Radionica (mentoriranje)*<\/td>\n<td style=\"width: 11.432135%; height: 72px;\">\u00a0<\/td>\n<\/tr>\n<tr style=\"height: 24px;\">\n<td style=\"width: 12.708718%; text-align: center; height: 24px;\">\u00a0<\/td>\n<td style=\"width: 15.408044%; text-align: center; height: 24px;\">\u00a0<\/td>\n<td style=\"width: 13.968778%; text-align: center; height: 24px;\">\u00a0<\/td>\n<td style=\"width: 15.898219%; text-align: center; height: 24px;\">\u00a0<\/td>\n<td style=\"width: 15.037168%; text-align: center; height: 24px;\">\u00a0<\/td>\n<td style=\"width: 16.680452%; height: 24px;\">\u00a0<\/td>\n<td style=\"width: 11.432135%; height: 24px;\">\u00a0<\/td>\n<\/tr>\n<tr style=\"height: 96px;\">\n<td style=\"width: 12.708718%; text-align: center; height: 74px;\">\n<\/td>\n<td style=\"width: 15.408044%; text-align: center; height: 74px;\">\u00a0<\/td>\n<td style=\"width: 13.968778%; text-align: center; height: 74px;\">\n<\/td>\n<td style=\"width: 15.898219%; text-align: center; height: 74px;\">\u00a0<\/td>\n<td style=\"width: 15.037168%; text-align: center; height: 74px;\">\u00a0<\/td>\n<td style=\"width: 16.680452%; height: 74px;\">14:00 &#8211; 16:00<br \/>Radionica (mentoriranje)*<\/td>\n<td style=\"width: 11.432135%; height: 74px;\">\u00a0<\/td>\n<\/tr>\n<tr style=\"height: 24px;\">\n<td style=\"width: 12.708718%; text-align: center; height: 24px;\">\u00a0<\/td>\n<td style=\"width: 15.408044%; text-align: center; height: 24px;\">\u00a0<\/td>\n<td style=\"width: 13.968778%; text-align: center; height: 24px;\">17:15-18:15<br \/>Po\u010detnici<span style=\"color: #3366ff;\">***<\/span><\/td>\n<td style=\"width: 15.898219%; text-align: center; height: 24px;\">\u00a0<\/td>\n<td style=\"width: 15.037168%; text-align: center; height: 24px;\">\u00a0<\/td>\n<td style=\"width: 16.680452%; height: 24px;\">\u00a0<\/td>\n<td style=\"width: 11.432135%; height: 24px;\">\u00a0<\/td>\n<\/tr>\n<tr>\n<td style=\"width: 12.708718%; text-align: center;\">17-18:30<br \/>Level 1<br \/><span style=\"color: #ff0000;\"><span style=\"font-size: 8pt;\">Dom Sportova<\/span><\/span><\/td>\n<td style=\"width: 15.408044%; text-align: center;\">17-18<br \/>Nje\u017ena grupa<\/td>\n<td style=\"width: 13.968778%; text-align: center;\">17-18:30 Level 1<br \/><span style=\"font-size: 8pt; color: #ff0000;\">Dom Sportova<\/span><\/td>\n<td style=\"width: 15.898219%; text-align: center;\">17-18<br \/>Nje\u017ena grupa<\/td>\n<td style=\"width: 15.037168%; text-align: center;\">17:15-18:15<br \/>Po\u010detnici<br \/><span style=\"font-size: 8pt; color: #ff0000;\">Dom Sportova<\/span><\/td>\n<td style=\"width: 16.680452%;\">\u00a0<\/td>\n<td style=\"width: 11.432135%;\">\u00a0<\/td>\n<\/tr>\n<tr>\n<td style=\"width: 12.708718%; text-align: center;\">\u00a0<\/td>\n<td style=\"width: 15.408044%; text-align: center;\">\u00a0<\/td>\n<td style=\"width: 13.968778%; text-align: center;\">\u00a0<\/td>\n<td style=\"width: 15.898219%; text-align: center;\">\u00a0<\/td>\n<td style=\"width: 15.037168%; text-align: center;\">\u00a0<\/td>\n<td style=\"width: 16.680452%;\">\u00a0<\/td>\n<td style=\"width: 11.432135%;\">\u00a0<\/td>\n<\/tr>\n<tr style=\"height: 48px;\">\n<td style=\"width: 12.708718%; text-align: center; height: 48px;\">\u00a0<\/td>\n<td style=\"width: 15.408044%; text-align: center; height: 48px;\">19:30-21<br \/>Level 2\/3<\/td>\n<td style=\"width: 13.968778%; text-align: center; height: 48px;\">\u00a0<\/td>\n<td style=\"width: 15.898219%; text-align: center; height: 48px;\">19:30-21<br \/>Level 2\/3<\/td>\n<td style=\"width: 15.037168%; text-align: center; height: 48px;\">\u00a0<\/td>\n<td style=\"width: 16.680452%; height: 48px;\">\u00a0<\/td>\n<td style=\"width: 11.432135%; height: 48px;\">\u00a0<\/td>\n<\/tr>\n<\/tbody>\n<\/table>\n<p>* Radionice subotom se odvijaju jedan put u mjesecu kao dio mentorskog programa obuke za u\u010ditelje. Informacije o odr\u017eavanju ostalih radionica biti \u0107e pravovremeno objavljene.<span style=\"color: #008080;\"><span class=\"Apple-converted-space\"><br \/><\/span><\/span><\/p>\n<p><span style=\"color: #3366ff;\">*** Ovaj sat vodi Ana, uz mentorstvo kao dio svog edukacijskog programa i sat se odvija u Gortanovoj.<\/span><\/p>\n<p><span style=\"color: #008080;\"><span style=\"color: #ff99cc;\">\u00a0<\/span><\/span><\/p>\n<h4><span style=\"color: #cc99ff;\">Jo\u0161 uvijek \u00a0je povoljno:<\/span><br \/><span style=\"color: #cc99ff;\">-Ponijeti ru\u010dnik ako imate tendenciju da se znojite tijekom sata.<\/span><br \/><span style=\"color: #cc99ff;\">-Molim vas da ne dolazite na sat ako se ne osje\u0107ate dobro niti ako imate \u010dak i malu temperaturu. Ostanite kod ku\u0107e i odmorite.<\/span><\/h4>\n","protected":false},"excerpt":{"rendered":"<p>&nbsp; \u00a0\u00a0RASPORED Jesen 2025 PON UTO SRI \u010cET PET SUB NED \u00a0 8 &#8211; 9:30 Level 2\/3 \u00a0 8 &#8211; 9:30 Level 2\/3 \u00a0 \u00a0 \u00a0 \u00a0 \u00a0 \u00a0 \u00a0 \u00a0 10:00 &#8211; 13:00Radionica (mentoriranje)* \u00a0 \u00a0 \u00a0 \u00a0 \u00a0 \u00a0 \u00a0 \u00a0 \u00a0 \u00a0&nbsp;<a class=\"read-more\" href=\"https:\/\/iyengaryoga.hr\/hr\/schedule\/\">&hellip;<\/a><\/p>\n","protected":false},"author":1,"featured_media":0,"parent":0,"menu_order":0,"comment_status":"closed","ping_status":"closed","template":"","meta":{"footnotes":""},"class_list":["post-421","page","type-page","status-publish","hentry"],"translation":{"provider":"WPGlobus","version":"3.0.2","language":"hr","enabled_languages":["en","hr"],"languages":{"en":{"title":true,"content":true,"excerpt":false},"hr":{"title":true,"content":true,"excerpt":false}}},"jetpack_sharing_enabled":true,"_links":{"self":[{"href":"https:\/\/iyengaryoga.hr\/hr\/wp-json\/wp\/v2\/pages\/421","targetHints":{"allow":["GET"]}}],"collection":[{"href":"https:\/\/iyengaryoga.hr\/hr\/wp-json\/wp\/v2\/pages"}],"about":[{"href":"https:\/\/iyengaryoga.hr\/hr\/wp-json\/wp\/v2\/types\/page"}],"author":[{"embeddable":true,"href":"https:\/\/iyengaryoga.hr\/hr\/wp-json\/wp\/v2\/users\/1"}],"replies":[{"embeddable":true,"href":"https:\/\/iyengaryoga.hr\/hr\/wp-json\/wp\/v2\/comments?post=421"}],"version-history":[{"count":252,"href":"https:\/\/iyengaryoga.hr\/hr\/wp-json\/wp\/v2\/pages\/421\/revisions"}],"predecessor-version":[{"id":2843,"href":"https:\/\/iyengaryoga.hr\/hr\/wp-json\/wp\/v2\/pages\/421\/revisions\/2843"}],"wp:attachment":[{"href":"https:\/\/iyengaryoga.hr\/hr\/wp-json\/wp\/v2\/media?parent=421"}],"curies":[{"name":"wp","href":"https:\/\/api.w.org\/{rel}","templated":true}]}}