{"id":424,"date":"2017-11-13T20:48:41","date_gmt":"2017-11-13T20:48:41","guid":{"rendered":"https:\/\/iyengaryoga.hr\/?page_id=424"},"modified":"2020-08-19T08:58:23","modified_gmt":"2020-08-19T08:58:23","slug":"about-me","status":"publish","type":"page","link":"https:\/\/iyengaryoga.hr\/hr\/about-me\/","title":{"rendered":"O meni"},"content":{"rendered":"<figure id=\"attachment_277\" aria-describedby=\"caption-attachment-277\" style=\"width: 1024px\" class=\"wp-caption alignnone\"><img loading=\"lazy\" decoding=\"async\" class=\"size-large wp-image-277\" src=\"https:\/\/iyengaryoga.hr\/wp-content\/uploads\/2016\/11\/008-Large-1024x683.jpg\" alt=\"\" width=\"1024\" height=\"683\" srcset=\"https:\/\/iyengaryoga.hr\/wp-content\/uploads\/2016\/11\/008-Large-1024x683.jpg 1024w, https:\/\/iyengaryoga.hr\/wp-content\/uploads\/2016\/11\/008-Large-300x200.jpg 300w, https:\/\/iyengaryoga.hr\/wp-content\/uploads\/2016\/11\/008-Large-768x512.jpg 768w, https:\/\/iyengaryoga.hr\/wp-content\/uploads\/2016\/11\/008-Large.jpg 1620w\" sizes=\"auto, (max-width: 1024px) 100vw, 1024px\" \/><figcaption id=\"caption-attachment-277\" class=\"wp-caption-text\">Natasa Srsen<\/figcaption><\/figure>\n<div dir=\"ltr\">\n<p>Moj jogi\u010dki put zapo\u010deo je s 14 godina kad mi je dospjela u ruke, tada rijetka, knjiga o jogi.<\/p>\n<p>Uz velike ilustracije iz knjige, po svim \u2018pravilima\u2019: rano ujutro, gledaju\u0107i prema istoku uz otvoren prozor, isprobavala sam sve mogu\u0107e poze. \u010cak i stoj na glavi! \ud83d\ude42<\/p>\n<p>Nadahnuta opisima <i>guna<\/i> materijalnog svijeta i njihovog utjecaja na nas od tada sam pre\u0161la na vegetarijansku ishranu i nastavila sve dublje prou\u010davati filozofiju veda.<\/p>\n<p>Me\u0111utim moje prakticiranje <i>asana<\/i> je posustalo i palo u drugi plan zbog tada\u0161njih intenzivnih ko\u0161arka\u0161kih treninga. Unato\u010d tome, filozofija joge je postala dio moje svakodnevnice, \u0161to me dovelo do \u017eivotne inspiracije &#8211; bhakti joge. Bhakti zna\u010di ljubav. Ljubav kao izvor svega, kao na\u010din i proces razvijanja ljudske osobnosti. Uz <i>karmu<\/i> (djelovanje) i <i>jnanu<\/i> (znanje) &#8211; savr\u0161ena kombinacija.<\/p>\n<p>Odlazak u Indiju 1997. bio je preokret, nadahnu\u0107e i blagoslov. Putovanja od sjevera do juga Indije i upoznavanje \u0161arolike kulture obogatili su moj svjetonazor i bacili novo svjetlo na mnoga \u017eivotna pitanja, a studiranje vedskih spisa, posebno <i>Bhagavat Gite<\/i>, <i>Srimad Bhagavatama<\/i> i ostalih literarnih radova velikih vai\u0161navskih <i>sadhua<\/i> (mudraca) poklonilo duhovne smjernice.<\/p>\n<p>Tamo sam s puno radosti vodila i podu\u010davala (u skladu sa svojom strukom) me\u0111unarodni vrti\u0107 u Navadvipu, u Zapadnom Bengalu. Rad sa malim ljudima tra\u017ei puno strpljenja i ljubavi ali i daje veliko ispunjenje.<\/p>\n<p>Kada me je Christine Stein iz Los Angelesa 2001. upoznala s Iyengar jogom, ispunili su me osje\u0107aji energije, smirenosti, opu\u0161tenosti, snage i jasno\u0107e. Uz njezino duboko znanje i vje\u0161tinu podu\u010davanja, detaljnost i preciznost izvo\u0111enja, zahtijevanje koncentracije i dostupnost pozama uz pomo\u0107 raznih varijacija i rekvizita, duboko u meni posa\u0111eno je sjeme koje i dan danas razvijam i njegujem. Na moj dugogodi\u0161nji rad na osnovnim principima <i>Yame<\/i> i <i>Niyame<\/i>, uz <i>Svadhyayu<\/i> i <i>japa<\/i> meditaciju, Iyengar yoga se prirodno nadovezala.<\/p>\n<p>2008. sam se vratila u Njema\u010dku te nakon godine dana prakticiranja sa Katrin Feuerbach, Kenanom Albayrakom i Clausom Crzeschom, odlu\u010dila 2009. pro\u0107i trogodi\u0161nji standardizirani <i>Teacher Training<\/i> (Obuku za u\u010ditelje) za certificiranu Iyengar joga u\u010diteljicu u K\u00f6lnu, kod Rite Keller. Ubrzo sam po\u010dela odr\u017eavati satove i asistirati u Iyengar Institutu u Frankfurtu te privatno podu\u010davati Iyengar yogu. Imala sam sre\u0107u na mnogobrojnim radionicama i joga konvencijama u Njema\u010dkoj u\u010diti od Elisabeth Siering, Boba Bl\u00e4sera, Georgy G\u00fctter, Stephanie Quirk, i Abhijate Iyengar (unuke BKS Iyengara), Rajlaxmi Nidmarti &amp; Devki Desai iz grada Pune, Indija.<\/p>\n<p>2013. sam se vratila u Hrvatsku i kao jedina certificirana Iyengar yoga u\u010diteljica na ovom podru\u010dju odr\u017eavam redovite satove i radionice u Puli.<\/p>\n<p>Moje daljnje obrazovanje se i dalje redovito odvija u inozemstvu (jer u Hrvatskoj nema centara Iyengar joge) uz iskusne i etablirane u\u010ditelje poput Kevin Gardinera, Erike Repassy i Laurie Blakeney, te Bobby Clennell, Patricie Walden, Manouso Manosa, Gabrielle Giubilaro.<\/p>\n<p>2015. apsolvirala sam <i>Rainbow Kids Yoga\u00a0Teacher Training,<\/i> u M\u00fcnchenu kao idejni i inspirativni edukativni dodatak radu joge s djecom, a kraj 2015. godine bio je zaokru\u017een odlaskom u Pune, u Ramamani Iyengar Memorial Yoga Institute (RIMYI), centar i dom obitelji Iyengar, gdje sam na desetodnevnom intenzivnom seminaru u\u010dila od k\u0107erke BKS Iyengara, Gite Iyengar, te od Pra\u0161anta Iyengara i ostalih visoko kvalificiranih u\u010ditelja iz Instituta.<\/p>\n<p>Te godine sam tako\u0111er bila pozvana u Zagreb, u \u2018Ku\u0107u Aikida\u2019 da odr\u017eim IY radionicu, \u0161to je bilo pozitivno iskustvo.<\/p>\n<p>2016. polo\u017eila sam ispit za Junior Intermediate I<\/p>\n<p>2017. mjesec dana u RIMYI-u<\/p>\n<p>2018. polo\u017eila sam ispit za Junior Intermediate II<\/p>\n<p>2019. mjesec dana u RIMYI-u<\/p>\n<p>2020. polo\u017eila sam spit za Junior Intermediate III<\/p>\n<p>&nbsp;<\/p>\n<p>Danas postoji tako puno vrsta joga i ako osoba ne zna \u0161to tra\u017ei mo\u017ee se lako izgubiti u tom moru ponuda. Smatram se sretnom jer sam odmah na\u0161la ono \u0161to sam tra\u017eila. Volim raznolikost Iyengar joge, volim disciplinu Iyengar joge, osvije\u0161tenost i meditativno stanje u asanama. Raznolikost Iyengar joge se o\u010dituje kroz dinami\u010dan rad (kroz<i> jumpings<\/i>) i s druge strane kroz du\u017ei ostanak u pozama uz pravilno poravnanje, \u0161to daje vrijeme polo\u017eaju da djeluje; ponavljanje istih sekvenci za dublji rad ili mijenjanje sekvence za specifi\u010dan rad; rad sa partnerom; rad u u\u017eadima (<i>joga kurunta<\/i>); razigrani rad s raznim rekvizitima poput stolice, ciglica, remena, dekica, grede, utega i mnogo \u010dega jo\u0161, ili pak ulazak u dublji, restorativni (opu\u0161taju\u0107i) rad uz pomo\u0107 istih rekvizita.<\/p>\n<p>Duboko vjerujem u metodu Iyengar joge te mi je \u017eelja da kroz u\u010denja B.K.S. Iyengara prenesem svojim u\u010denicima pozitivna iskustva koja sam sama do\u017eivjela. Podu\u010davanje me \u010dini boljim u\u010denikom, a vlastita praksa boljim u\u010diteljem. To je poput stalne evolucije koja me odr\u017eava postojanom i sposobnom da se sukobim sa \u017eivotnim izazovima bistre glave i punog srca.<\/p>\n<\/div>\n<p>&nbsp;<\/p>\n","protected":false},"excerpt":{"rendered":"<p>Moj jogi\u010dki put zapo\u010deo je s 14 godina kad mi je dospjela u ruke, tada rijetka, knjiga o jogi. Uz velike ilustracije iz knjige, po svim \u2018pravilima\u2019: rano ujutro, gledaju\u0107i prema istoku uz otvoren prozor, isprobavala sam sve mogu\u0107e poze. \u010cak i stoj na glavi!&nbsp;<a class=\"read-more\" href=\"https:\/\/iyengaryoga.hr\/hr\/about-me\/\">&hellip;<\/a><\/p>\n","protected":false},"author":1,"featured_media":0,"parent":0,"menu_order":0,"comment_status":"closed","ping_status":"closed","template":"","meta":{"footnotes":""},"class_list":["post-424","page","type-page","status-publish","hentry"],"translation":{"provider":"WPGlobus","version":"3.0.2","language":"hr","enabled_languages":["en","hr"],"languages":{"en":{"title":true,"content":true,"excerpt":false},"hr":{"title":true,"content":true,"excerpt":false}}},"jetpack_sharing_enabled":true,"_links":{"self":[{"href":"https:\/\/iyengaryoga.hr\/hr\/wp-json\/wp\/v2\/pages\/424","targetHints":{"allow":["GET"]}}],"collection":[{"href":"https:\/\/iyengaryoga.hr\/hr\/wp-json\/wp\/v2\/pages"}],"about":[{"href":"https:\/\/iyengaryoga.hr\/hr\/wp-json\/wp\/v2\/types\/page"}],"author":[{"embeddable":true,"href":"https:\/\/iyengaryoga.hr\/hr\/wp-json\/wp\/v2\/users\/1"}],"replies":[{"embeddable":true,"href":"https:\/\/iyengaryoga.hr\/hr\/wp-json\/wp\/v2\/comments?post=424"}],"version-history":[{"count":31,"href":"https:\/\/iyengaryoga.hr\/hr\/wp-json\/wp\/v2\/pages\/424\/revisions"}],"predecessor-version":[{"id":2060,"href":"https:\/\/iyengaryoga.hr\/hr\/wp-json\/wp\/v2\/pages\/424\/revisions\/2060"}],"wp:attachment":[{"href":"https:\/\/iyengaryoga.hr\/hr\/wp-json\/wp\/v2\/media?parent=424"}],"curies":[{"name":"wp","href":"https:\/\/api.w.org\/{rel}","templated":true}]}}