{"id":860,"date":"2018-01-13T18:55:28","date_gmt":"2018-01-13T18:55:28","guid":{"rendered":"https:\/\/iyengaryoga.hr\/?page_id=860"},"modified":"2025-06-20T08:11:03","modified_gmt":"2025-06-20T08:11:03","slug":"teacher-training","status":"publish","type":"page","link":"https:\/\/iyengaryoga.hr\/hr\/teacher-training\/","title":{"rendered":"Mentorski program obuke za u\u010ditelje"},"content":{"rendered":"<p>Va\u017eno je razumjeti da je postati u\u010ditelj\/ica joge prirodan poziv koji se mo\u017ee probuditi u praktikantu joge, me\u0111utim, prije nego \u0161to se odlu\u010di postati u\u010ditelj\/ica, prvo se mora usredoto\u010diti na i postati reguliran\/na u vlastitoj praksi.<\/p>\n<p>Proces prema ispitu i certificiranju u Iyengar jogi po\u010dinje sa stra\u0161\u0107u i ljubavlju prema metodi, koja zatim mo\u017ee napredovati prema certifikatu za podu\u010davanje.<\/p>\n<p>Uspostavljanje obaveze i predanosti redovitoj praksi poti\u010de osje\u0107aj pozitivne promjene i osobnog rasta. Me\u0111utim, dok dublje zala\u017eenje u temu ne mora neminovno uklju\u010divati certificiranje, za one koji su \u017eeljni postati dio Iyengarog naslje\u0111a, to je putovanje koje prirodno kombinira \u010dvrstu spiritualnu, filozofsku i prakti\u010dnu osnovu.<\/p>\n<p><b>Kako postati u\u010ditelj\/ica Iyengar joge?<\/b><\/p>\n<p><img loading=\"lazy\" decoding=\"async\" class=\"wp-image-2603 alignright\" src=\"https:\/\/iyengaryoga.hr\/wp-content\/uploads\/2023\/09\/Assist.jpg\" alt=\"\" width=\"439\" height=\"293\" srcset=\"https:\/\/iyengaryoga.hr\/wp-content\/uploads\/2023\/09\/Assist.jpg 1024w, https:\/\/iyengaryoga.hr\/wp-content\/uploads\/2023\/09\/Assist-300x200.jpg 300w, https:\/\/iyengaryoga.hr\/wp-content\/uploads\/2023\/09\/Assist-768x512.jpg 768w\" sizes=\"auto, (max-width: 439px) 100vw, 439px\" \/><\/p>\n<p>Na\u010din na koji se obu\u010davaju u\u010ditelji u Iyengar sustavu diljem svijeta promijenio se na zahtjev Ramamani Iyengar Memorijalnog joga instituta (RIMYI) u Pune, od obuke u\u010ditelja (teacher training) na program mentorstva.<span class=\"Apple-converted-space\">\u00a0<\/span><\/p>\n<p>Mentorstvo je razdoblje na neodre\u0111eno vrijeme (najmanje tri godine) tijekom kojeg mentor na osobni na\u010din podu\u010dava studenta u umjetnosti pou\u010davanja, sve dok kandidata ne ocijeni spremnim za ocjenjivanje. Niti jedan kandidat se ne mo\u017ee sam prijaviti za ispit. Preporuka u\u010ditelja je obavezna.<\/p>\n<p>Da bi se prijavio za obuku s mentorom, u\u010denik\/ca mora dokazati da je redovito poha\u0111ao\/la satove s certificiranim u\u010diteljem\/com Iyengar joge najmanje tri godine i da ima dobar standard prakse u uvodnim asanama (introductory level).<\/p>\n<p>Prvi korak za zainteresirane za obuku za podu\u010davanje je da razgovaraju sa svojim redovnim u\u010diteljem\/com. Ako sami nisu mentor, njihov u\u010ditelj\/ica \u0107e ih mo\u0107i povezati s kvalificiranim mentorom.<\/p>\n<p>U idealnom slu\u010daju, va\u0161 bi mentor trebao biti u\u010ditelj\/ica s kojim imate najdosljedniji, najposve\u0107eniji i najpovezaniji odnos. Taj bi u\u010ditelj\/ica trebao\/la biti netko s kime u\u010dite i redovito komunicirate u procesu razvoja svoje prakse i podu\u010davanja.<\/p>\n<p><b>\u0160to se o\u010dekuje od polaznika mentorskog programa Iyengar joge?<\/b><\/p>\n<ul>\n<li>Kao budu\u0107i u\u010ditelji\/ce pratiti \u0107ete i pomagati mentoru\/u\u010ditelju tijekom razdoblja od najmanje tri godine.<\/li>\n<li>Kao pripravnik, od vas se o\u010dekuje da poha\u0111ate redovnu nastavu za vlastitu praksu s u\u010diteljem\/com na Junior Intermediate levelu ili sa svojim mentorom najmanje dva puta tjedno.<span class=\"Apple-converted-space\">\u00a0<\/span><\/li>\n<li>Tako\u0111er \u0107ete poha\u0111ati te\u010daj za po\u010detnike ili op\u0107u razinu (mje\u0161ane grupe i\/ili Level I) sa svojim mentorom gdje \u0107ete nakon vremena napredovati do demonstracije i pomaganja, asistiranja tijekom nastave.<span class=\"Apple-converted-space\">\u00a0<\/span><\/li>\n<li>Potrebno je napisati postavljene pisane zadatke<\/li>\n<li>Du\u017eni ste prisustvovati supervizijskim grupama i joga radionicama s ciljem produbljivanja znanja i razumijevanja.<\/li>\n<\/ul>\n<p>Ohrabrenje i savjetovanje, u vezi s prijavama za ispit, oslanja se na blizak odnos izme\u0111u mentora i mentija. Me\u0111utim, predanost praktikanta\/polaznika klju\u010dna je za svijest i razumijevanje joge. Budite spremni za prekrasno putovanje.<br \/>\nNa kraju trogodi\u0161njeg programa, mentori i pripravnici \u0107e zajedno procijeniti kada je prikladno vrijeme za Level 1 ispit.<\/p>\n<ul>\n<li>Ne mo\u017eete sudjelovati u Mentorskom programu dok ste trudni ili ako imate zdravstvenih problema koji mogu ugroziti va\u0161u sigurnost.<\/li>\n<\/ul>\n<p>Termini mentorskih radionica u 2024:<\/p>\n<p>Sije\u010danj &#8211; 25.01.<br \/>\nVelja\u010da &#8211; 22.03.<br \/>\nO\u017eujak &#8211; 22.03.<br \/>\nTravanj &#8211; 12.04.<br \/>\nSvibanj &#8211; 24.05.<br \/>\nLipanj &#8211; 28.06.<br \/>\nSrpanj &#8211; 26.07.<br \/>\nKolovoz &#8211; slobodno<br \/>\nRujan &#8211; 13.09.<br \/>\nListopad &#8211; 25.10.<br \/>\nStudent &#8211; 15.11.<br \/>\nProsinac &#8211; 06.12.<\/p>\n<p>&nbsp;<\/p>\n","protected":false},"excerpt":{"rendered":"<p>Va\u017eno je razumjeti da je postati u\u010ditelj\/ica joge prirodan poziv koji se mo\u017ee probuditi u praktikantu joge, me\u0111utim, prije nego \u0161to se odlu\u010di postati u\u010ditelj\/ica, prvo se mora usredoto\u010diti na i postati reguliran\/na u vlastitoj praksi. Proces prema ispitu i certificiranju u Iyengar jogi po\u010dinje&nbsp;<a class=\"read-more\" href=\"https:\/\/iyengaryoga.hr\/hr\/teacher-training\/\">&hellip;<\/a><\/p>\n","protected":false},"author":1,"featured_media":0,"parent":0,"menu_order":0,"comment_status":"closed","ping_status":"closed","template":"","meta":{"footnotes":""},"class_list":["post-860","page","type-page","status-publish","hentry"],"translation":{"provider":"WPGlobus","version":"3.0.2","language":"hr","enabled_languages":["en","hr"],"languages":{"en":{"title":true,"content":true,"excerpt":false},"hr":{"title":true,"content":true,"excerpt":false}}},"jetpack_sharing_enabled":true,"_links":{"self":[{"href":"https:\/\/iyengaryoga.hr\/hr\/wp-json\/wp\/v2\/pages\/860","targetHints":{"allow":["GET"]}}],"collection":[{"href":"https:\/\/iyengaryoga.hr\/hr\/wp-json\/wp\/v2\/pages"}],"about":[{"href":"https:\/\/iyengaryoga.hr\/hr\/wp-json\/wp\/v2\/types\/page"}],"author":[{"embeddable":true,"href":"https:\/\/iyengaryoga.hr\/hr\/wp-json\/wp\/v2\/users\/1"}],"replies":[{"embeddable":true,"href":"https:\/\/iyengaryoga.hr\/hr\/wp-json\/wp\/v2\/comments?post=860"}],"version-history":[{"count":44,"href":"https:\/\/iyengaryoga.hr\/hr\/wp-json\/wp\/v2\/pages\/860\/revisions"}],"predecessor-version":[{"id":2743,"href":"https:\/\/iyengaryoga.hr\/hr\/wp-json\/wp\/v2\/pages\/860\/revisions\/2743"}],"wp:attachment":[{"href":"https:\/\/iyengaryoga.hr\/hr\/wp-json\/wp\/v2\/media?parent=860"}],"curies":[{"name":"wp","href":"https:\/\/api.w.org\/{rel}","templated":true}]}}